{"id":2,"date":"2021-05-27T20:34:33","date_gmt":"2021-05-27T20:34:33","guid":{"rendered":"https:\/\/automatikgetriebe-reparatur.de\/?page_id=2"},"modified":"2021-05-27T22:22:46","modified_gmt":"2021-05-27T22:22:46","slug":"home","status":"publish","type":"page","link":"https:\/\/automatikgetriebe-reparatur.de\/","title":{"rendered":"Home"},"content":{"rendered":"\t\t<div data-elementor-type=\"wp-page\" data-elementor-id=\"2\" class=\"elementor elementor-2\">\n\t\t\t\t\t\t\t\t\t<section class=\"elementor-section elementor-top-section elementor-element elementor-element-1920d357 elementor-section-boxed elementor-section-height-default elementor-section-height-default\" data-id=\"1920d357\" data-element_type=\"section\">\n\t\t\t\t\t\t<div class=\"elementor-container elementor-column-gap-default\">\n\t\t\t\t\t<div class=\"elementor-column elementor-col-100 elementor-top-column elementor-element elementor-element-5dec0ab8\" data-id=\"5dec0ab8\" data-element_type=\"column\">\n\t\t\t<div class=\"elementor-widget-wrap elementor-element-populated\">\n\t\t\t\t\t\t\t\t<div class=\"elementor-element elementor-element-32edc010 elementor-widget elementor-widget-text-editor\" data-id=\"32edc010\" data-element_type=\"widget\" data-widget_type=\"text-editor.default\">\n\t\t\t\t<div class=\"elementor-widget-container\">\n\t\t\t<style>\/*! elementor - v3.18.0 - 20-12-2023 *\/\n.elementor-widget-text-editor.elementor-drop-cap-view-stacked .elementor-drop-cap{background-color:#69727d;color:#fff}.elementor-widget-text-editor.elementor-drop-cap-view-framed .elementor-drop-cap{color:#69727d;border:3px solid;background-color:transparent}.elementor-widget-text-editor:not(.elementor-drop-cap-view-default) .elementor-drop-cap{margin-top:8px}.elementor-widget-text-editor:not(.elementor-drop-cap-view-default) .elementor-drop-cap-letter{width:1em;height:1em}.elementor-widget-text-editor .elementor-drop-cap{float:left;text-align:center;line-height:1;font-size:50px}.elementor-widget-text-editor .elementor-drop-cap-letter{display:inline-block}<\/style>\t\t\t\t<!-- wp:paragraph -->\n<p>Wir sind eine Fachwerkstatt f\u00fcr Getriebetechnik seit 1999 und bieten\u00a0Instandsetzung von Automatik- und Schaltgetrieben sowie Differentialen und Achsantrieben an.<\/p>\n<p>Unser Angebot erstreckt sich von\u00a0Oldtimer- \u00fcber Rennsport- bis hin zu heutigen, modernen Getrieben und beinhaltet unter anderem General\u00fcberholungen, Teilreparaturen, \u00dcbersetzungs\u00e4nderungen\u00a0sowie Restaurationen.<\/p>\n<p>Um unn\u00f6tige Wartezeiten zu vermeiden, bitten wir darum\u00a0Termine\u00a0vorab\u00a0telefonisch zu vereinbaren, da wir auch au\u00dferhalb der Werkstatt t\u00e4tig sind.<\/p>\n<!-- \/wp:paragraph --><!-- wp:quote -->\n<p>\u00a0<\/p>\n<!-- \/wp:paragraph -->\t\t\t\t\t\t<\/div>\n\t\t\t\t<\/div>\n\t\t\t\t\t<\/div>\n\t\t<\/div>\n\t\t\t\t\t\t\t<\/div>\n\t\t<\/section>\n\t\t\t\t\t\t\t<\/div>\n\t\t","protected":false},"excerpt":{"rendered":"<p>Wir sind eine Fachwerkstatt f\u00fcr Getriebetechnik seit 1999 und bieten\u00a0Instandsetzung von Automatik- und Schaltgetrieben sowie Differentialen und Achsantrieben an. Unser Angebot erstreckt sich von\u00a0Oldtimer- \u00fcber Rennsport- bis hin zu heutigen, modernen Getrieben und beinhaltet unter anderem General\u00fcberholungen, Teilreparaturen, \u00dcbersetzungs\u00e4nderungen\u00a0sowie Restaurationen. Um unn\u00f6tige Wartezeiten zu vermeiden, bitten wir darum\u00a0Termine\u00a0vorab\u00a0telefonisch zu vereinbaren, da wir auch au\u00dferhalb der [&hellip;]<\/p>\n","protected":false},"author":1,"featured_media":0,"parent":0,"menu_order":0,"comment_status":"closed","ping_status":"closed","template":"","meta":{"footnotes":""},"class_list":["post-2","page","type-page","status-publish","hentry"],"_links":{"self":[{"href":"https:\/\/automatikgetriebe-reparatur.de\/index.php\/wp-json\/wp\/v2\/pages\/2","targetHints":{"allow":["GET"]}}],"collection":[{"href":"https:\/\/automatikgetriebe-reparatur.de\/index.php\/wp-json\/wp\/v2\/pages"}],"about":[{"href":"https:\/\/automatikgetriebe-reparatur.de\/index.php\/wp-json\/wp\/v2\/types\/page"}],"author":[{"embeddable":true,"href":"https:\/\/automatikgetriebe-reparatur.de\/index.php\/wp-json\/wp\/v2\/users\/1"}],"replies":[{"embeddable":true,"href":"https:\/\/automatikgetriebe-reparatur.de\/index.php\/wp-json\/wp\/v2\/comments?post=2"}],"version-history":[{"count":4,"href":"https:\/\/automatikgetriebe-reparatur.de\/index.php\/wp-json\/wp\/v2\/pages\/2\/revisions"}],"predecessor-version":[{"id":28,"href":"https:\/\/automatikgetriebe-reparatur.de\/index.php\/wp-json\/wp\/v2\/pages\/2\/revisions\/28"}],"wp:attachment":[{"href":"https:\/\/automatikgetriebe-reparatur.de\/index.php\/wp-json\/wp\/v2\/media?parent=2"}],"curies":[{"name":"wp","href":"https:\/\/api.w.org\/{rel}","templated":true}]}}